{"id":3274,"date":"2023-04-21T18:24:02","date_gmt":"2023-04-21T18:24:02","guid":{"rendered":"https:\/\/ficyfestival.com\/?page_id=3274"},"modified":"2025-07-05T23:04:50","modified_gmt":"2025-07-05T23:04:50","slug":"ficy-colegiados","status":"publish","type":"page","link":"https:\/\/ficyfestival.com\/en\/ficy-colegiados\/","title":{"rendered":"FICY Colegiados"},"content":{"rendered":"<div data-elementor-type=\"wp-page\" data-elementor-id=\"3274\" class=\"elementor elementor-3274\">\n\t\t\t\t\t\t\t\t\t\t\t\t<\/div>","protected":false},"excerpt":{"rendered":"<p>\u00a1\u00daltima oportunidad! Convocatoria abierta hasta el 15 de Mayo para participar \u00bfQu\u00e9 es FICYCOLEGIADOS? Es una iniciativa de formaci\u00f3n audiovisual del Festival Internacional de Cine de Yopal (FICY), dirigida a estudiantes de bachillerato de colegios p\u00fablicos y privados de Casanare. A trav\u00e9s de la creaci\u00f3n de un cortometraje de m\u00e1ximo 7 minutos, buscamos capacitar a &hellip;<\/p>\n<p class=\"read-more\"> <a class=\"\" href=\"https:\/\/ficyfestival.com\/en\/ficy-colegiados\/\"> <span class=\"screen-reader-text\">FICY Colegiados<\/span> Read More \u00bb<\/a><\/p>","protected":false},"author":1,"featured_media":0,"parent":0,"menu_order":0,"comment_status":"closed","ping_status":"closed","template":"","meta":{"site-sidebar-layout":"no-sidebar","site-content-layout":"page-builder","ast-main-header-display":"","ast-hfb-above-header-display":"","ast-hfb-below-header-display":"","ast-hfb-mobile-header-display":"","site-post-title":"disabled","ast-breadcrumbs-content":"","ast-featured-img":"disabled","footer-sml-layout":"","theme-transparent-header-meta":"","adv-header-id-meta":"","stick-header-meta":"","header-above-stick-meta":"","header-main-stick-meta":"","header-below-stick-meta":"","footnotes":""},"class_list":["post-3274","page","type-page","status-publish","hentry"],"_links":{"self":[{"href":"https:\/\/ficyfestival.com\/en\/wp-json\/wp\/v2\/pages\/3274","targetHints":{"allow":["GET"]}}],"collection":[{"href":"https:\/\/ficyfestival.com\/en\/wp-json\/wp\/v2\/pages"}],"about":[{"href":"https:\/\/ficyfestival.com\/en\/wp-json\/wp\/v2\/types\/page"}],"author":[{"embeddable":true,"href":"https:\/\/ficyfestival.com\/en\/wp-json\/wp\/v2\/users\/1"}],"replies":[{"embeddable":true,"href":"https:\/\/ficyfestival.com\/en\/wp-json\/wp\/v2\/comments?post=3274"}],"version-history":[{"count":110,"href":"https:\/\/ficyfestival.com\/en\/wp-json\/wp\/v2\/pages\/3274\/revisions"}],"predecessor-version":[{"id":4510,"href":"https:\/\/ficyfestival.com\/en\/wp-json\/wp\/v2\/pages\/3274\/revisions\/4510"}],"wp:attachment":[{"href":"https:\/\/ficyfestival.com\/en\/wp-json\/wp\/v2\/media?parent=3274"}],"curies":[{"name":"wp","href":"https:\/\/api.w.org\/{rel}","templated":true}]}}