{"id":2913,"date":"2023-04-05T00:56:49","date_gmt":"2023-04-05T00:56:49","guid":{"rendered":"https:\/\/ficyfestival.com\/?page_id=2913"},"modified":"2023-04-05T01:10:28","modified_gmt":"2023-04-05T01:10:28","slug":"base-de-convocatoria-catalogo-de-locaciones","status":"publish","type":"page","link":"https:\/\/ficyfestival.com\/en\/base-de-convocatoria-catalogo-de-locaciones\/","title":{"rendered":"Base de Convocatoria Catalogo de Locaciones"},"content":{"rendered":"<div data-elementor-type=\"wp-page\" data-elementor-id=\"2913\" class=\"elementor elementor-2913\">\n\t\t\t\t\t\t\t\t\t<section class=\"has_eae_slider elementor-section elementor-top-section elementor-element elementor-element-106fa972 elementor-section-boxed elementor-section-height-default elementor-section-height-default\" data-id=\"106fa972\" data-element_type=\"section\" data-settings=\"{&quot;background_background&quot;:&quot;classic&quot;}\">\n\t\t\t\t\t\t<div class=\"elementor-container elementor-column-gap-default\">\n\t\t\t\t\t<div class=\"has_eae_slider elementor-column elementor-col-50 elementor-top-column elementor-element elementor-element-7456de21\" data-id=\"7456de21\" data-element_type=\"column\">\n\t\t\t<div class=\"elementor-widget-wrap elementor-element-populated\">\n\t\t\t\t\t\t\t\t<div class=\"elementor-element elementor-element-2a54c7ae elementor-invisible elementor-widget elementor-widget-heading\" data-id=\"2a54c7ae\" data-element_type=\"widget\" data-settings=\"{&quot;_animation&quot;:&quot;fadeInLeft&quot;,&quot;_animation_delay&quot;:300}\" data-widget_type=\"heading.default\">\n\t\t\t\t<div class=\"elementor-widget-container\">\n\t\t\t<style>\/*! elementor - v3.6.4 - 13-04-2022 *\/\n.elementor-heading-title{padding:0;margin:0;line-height:1}.elementor-widget-heading .elementor-heading-title[class*=elementor-size-]>a{color:inherit;font-size:inherit;line-height:inherit}.elementor-widget-heading .elementor-heading-title.elementor-size-small{font-size:15px}.elementor-widget-heading .elementor-heading-title.elementor-size-medium{font-size:19px}.elementor-widget-heading .elementor-heading-title.elementor-size-large{font-size:29px}.elementor-widget-heading .elementor-heading-title.elementor-size-xl{font-size:39px}.elementor-widget-heading .elementor-heading-title.elementor-size-xxl{font-size:59px}<\/style><h1 class=\"elementor-heading-title elementor-size-default\">\u201cCat\u00e1logo de Locaciones\u201d<\/h1>\t\t<\/div>\n\t\t\t\t<\/div>\n\t\t\t\t<div class=\"elementor-element elementor-element-6d33fc49 elementor-invisible elementor-widget elementor-widget-heading\" data-id=\"6d33fc49\" data-element_type=\"widget\" data-settings=\"{&quot;_animation&quot;:&quot;fadeInLeft&quot;,&quot;_animation_delay&quot;:200}\" data-widget_type=\"heading.default\">\n\t\t\t\t<div class=\"elementor-widget-container\">\n\t\t\t<p class=\"elementor-heading-title elementor-size-default\">The Yopal International Film Festival (F.I.C.Y)<\/p>\t\t<\/div>\n\t\t\t\t<\/div>\n\t\t\t\t\t<\/div>\n\t\t<\/div>\n\t\t\t\t<div class=\"has_eae_slider elementor-column elementor-col-50 elementor-top-column elementor-element elementor-element-314e13f4\" data-id=\"314e13f4\" data-element_type=\"column\">\n\t\t\t<div class=\"elementor-widget-wrap elementor-element-populated\">\n\t\t\t\t\t\t\t\t<div class=\"elementor-element elementor-element-37969d1 elementor-align-right elementor-tablet-align-center elementor-mobile-align-center elementor-widget elementor-widget-button\" data-id=\"37969d1\" data-element_type=\"widget\" data-widget_type=\"button.default\">\n\t\t\t\t<div class=\"elementor-widget-container\">\n\t\t\t\t\t<div class=\"elementor-button-wrapper\">\n\t\t\t<a href=\"#\" class=\"elementor-button-link elementor-button elementor-size-lg elementor-animation-shrink\" role=\"button\">\n\t\t\t\t\t\t<span class=\"elementor-button-content-wrapper\">\n\t\t\t\t\t\t\t<span class=\"elementor-button-icon elementor-align-icon-right\">\n\t\t\t\t<i aria-hidden=\"true\" class=\"far fa-clipboard\"><\/i>\t\t\t<\/span>\n\t\t\t\t\t\t<span class=\"elementor-button-text\">Download the PDF Bases<\/span>\n\t\t<\/span>\n\t\t\t\t\t<\/a>\n\t\t<\/div>\n\t\t\t\t<\/div>\n\t\t\t\t<\/div>\n\t\t\t\t\t<\/div>\n\t\t<\/div>\n\t\t\t\t\t\t\t<\/div>\n\t\t<\/section>\n\t\t\t\t<section class=\"has_eae_slider elementor-section elementor-top-section elementor-element elementor-element-3988e72c elementor-section-boxed elementor-section-height-default elementor-section-height-default\" data-id=\"3988e72c\" data-element_type=\"section\" data-settings=\"{&quot;background_background&quot;:&quot;classic&quot;}\">\n\t\t\t\t\t\t\t<div class=\"elementor-background-overlay\"><\/div>\n\t\t\t\t\t\t\t<div class=\"elementor-container elementor-column-gap-default\">\n\t\t\t\t\t<div class=\"has_eae_slider elementor-column elementor-col-100 elementor-top-column elementor-element elementor-element-375f9079\" data-id=\"375f9079\" data-element_type=\"column\">\n\t\t\t<div class=\"elementor-widget-wrap elementor-element-populated\">\n\t\t\t\t\t\t\t\t<div class=\"elementor-element elementor-element-244a731d envato-kit-93-drop-cap elementor-invisible elementor-widget elementor-widget-text-editor\" data-id=\"244a731d\" data-element_type=\"widget\" data-settings=\"{&quot;_animation&quot;:&quot;fadeInUp&quot;}\" data-widget_type=\"text-editor.default\">\n\t\t\t\t<div class=\"elementor-widget-container\">\n\t\t\t<style>\/*! elementor - v3.6.4 - 13-04-2022 *\/\n.elementor-widget-text-editor.elementor-drop-cap-view-stacked .elementor-drop-cap{background-color:#818a91;color:#fff}.elementor-widget-text-editor.elementor-drop-cap-view-framed .elementor-drop-cap{color:#818a91;border:3px solid;background-color:transparent}.elementor-widget-text-editor:not(.elementor-drop-cap-view-default) .elementor-drop-cap{margin-top:8px}.elementor-widget-text-editor:not(.elementor-drop-cap-view-default) .elementor-drop-cap-letter{width:1em;height:1em}.elementor-widget-text-editor .elementor-drop-cap{float:left;text-align:center;line-height:1;font-size:50px}.elementor-widget-text-editor .elementor-drop-cap-letter{display:inline-block}<\/style>\t\t\t\t<p>\u00abCat\u00e1logo de Locaciones\u00bb es una iniciativa que busca promover la riqueza tur\u00edstica y cultural de la regi\u00f3n casanare\u00f1a a trav\u00e9s del cine, incentivando la participaci\u00f3n de cineastas y productores audiovisuales en.<\/p>\t\t\t\t\t\t<\/div>\n\t\t\t\t<\/div>\n\t\t\t\t<div class=\"elementor-element elementor-element-defa84c elementor-invisible elementor-widget elementor-widget-heading\" data-id=\"defa84c\" data-element_type=\"widget\" data-settings=\"{&quot;_animation&quot;:&quot;fadeInLeft&quot;}\" data-widget_type=\"heading.default\">\n\t\t\t\t<div class=\"elementor-widget-container\">\n\t\t\t<h5 class=\"elementor-heading-title elementor-size-default\">BASES DEL CONCURSO \u201cCAT\u00c1LOGO DE LOCACIONES\u201d<\/h5>\t\t<\/div>\n\t\t\t\t<\/div>\n\t\t\t\t<div class=\"elementor-element elementor-element-5144a443 elementor-invisible elementor-widget elementor-widget-text-editor\" data-id=\"5144a443\" data-element_type=\"widget\" data-settings=\"{&quot;_animation&quot;:&quot;fadeInUp&quot;}\" data-widget_type=\"text-editor.default\">\n\t\t\t\t<div class=\"elementor-widget-container\">\n\t\t\t\t\t\t\t<ul><li>La convocatoria est\u00e1 abierta a cineastas, productores audiovisuales y fot\u00f3grafos interesados en capturar y promover las locaciones de la regi\u00f3n casanare\u00f1a.<\/li><li>Los participantes deber\u00e1n presentar un proyecto que incluya una descripci\u00f3n detallada de la locaci\u00f3n propuesta, incluyendo su ubicaci\u00f3n, caracter\u00edsticas destacadas y potencial para su uso en producciones audiovisuales.<\/li><li>Los participantes deber\u00e1n enviar su propuesta a trav\u00e9s de un formulario de inscripci\u00f3n en la plataforma designada para la convocatoria.<\/li><\/ul>\t\t\t\t\t\t<\/div>\n\t\t\t\t<\/div>\n\t\t\t\t<div class=\"elementor-element elementor-element-3a28c52 elementor-invisible elementor-widget elementor-widget-heading\" data-id=\"3a28c52\" data-element_type=\"widget\" data-settings=\"{&quot;_animation&quot;:&quot;fadeInLeft&quot;}\" data-widget_type=\"heading.default\">\n\t\t\t\t<div class=\"elementor-widget-container\">\n\t\t\t<h5 class=\"elementor-heading-title elementor-size-default\">CATEGORIES <\/h5>\t\t<\/div>\n\t\t\t\t<\/div>\n\t\t\t\t<div class=\"elementor-element elementor-element-fc0d516 elementor-invisible elementor-widget elementor-widget-text-editor\" data-id=\"fc0d516\" data-element_type=\"widget\" data-settings=\"{&quot;_animation&quot;:&quot;fadeInUp&quot;}\" data-widget_type=\"text-editor.default\">\n\t\t\t\t<div class=\"elementor-widget-container\">\n\t\t\t\t\t\t\t<ul><li>Las categor\u00edas de locaciones pueden incluir, pero no se limitan a, paisajes naturales, patrimonio cultural, locaciones urbanas, sitios arqueol\u00f3gicos, entre otros.<\/li><li>Se podr\u00e1n presentar propuestas para una o varias categor\u00edas, siempre y cuando cumplan con los requisitos establecidos.<\/li><\/ul>\t\t\t\t\t\t<\/div>\n\t\t\t\t<\/div>\n\t\t\t\t<div class=\"elementor-element elementor-element-2136f3e elementor-invisible elementor-widget elementor-widget-heading\" data-id=\"2136f3e\" data-element_type=\"widget\" data-settings=\"{&quot;_animation&quot;:&quot;fadeInLeft&quot;}\" data-widget_type=\"heading.default\">\n\t\t\t\t<div class=\"elementor-widget-container\">\n\t\t\t<h5 class=\"elementor-heading-title elementor-size-default\">REQUIREMENTS<\/h5>\t\t<\/div>\n\t\t\t\t<\/div>\n\t\t\t\t<div class=\"elementor-element elementor-element-0586cb7 elementor-invisible elementor-widget elementor-widget-text-editor\" data-id=\"0586cb7\" data-element_type=\"widget\" data-settings=\"{&quot;_animation&quot;:&quot;fadeInUp&quot;}\" data-widget_type=\"text-editor.default\">\n\t\t\t\t<div class=\"elementor-widget-container\">\n\t\t\t\t\t\t\t<ul><li>Los participantes deber\u00e1n ser mayores de edad y contar con los derechos y permisos necesarios para capturar y promover las locaciones propuestas.<\/li><li>Las propuestas deber\u00e1n ser originales y no haber sido presentadas en convocatorias anteriores.<\/li><li>Se deber\u00e1n incluir fotograf\u00edas o material audiovisual que ilustre la locaci\u00f3n propuesta.<\/li><li>Se deber\u00e1n proporcionar datos de contacto actualizados.<\/li><\/ul>\t\t\t\t\t\t<\/div>\n\t\t\t\t<\/div>\n\t\t\t\t<div class=\"elementor-element elementor-element-93faf95 elementor-invisible elementor-widget elementor-widget-heading\" data-id=\"93faf95\" data-element_type=\"widget\" data-settings=\"{&quot;_animation&quot;:&quot;fadeInLeft&quot;}\" data-widget_type=\"heading.default\">\n\t\t\t\t<div class=\"elementor-widget-container\">\n\t\t\t<h5 class=\"elementor-heading-title elementor-size-default\">AWARDS <\/h5>\t\t<\/div>\n\t\t\t\t<\/div>\n\t\t\t\t<div class=\"elementor-element elementor-element-1577ece elementor-invisible elementor-widget elementor-widget-text-editor\" data-id=\"1577ece\" data-element_type=\"widget\" data-settings=\"{&quot;_animation&quot;:&quot;fadeInUp&quot;}\" data-widget_type=\"text-editor.default\">\n\t\t\t\t<div class=\"elementor-widget-container\">\n\t\t\t\t\t\t\t<ul><li>Los participantes cuyas propuestas sean seleccionadas para formar parte del \u00abCat\u00e1logo de Locaciones\u00bb recibir\u00e1n reconocimiento por su contribuci\u00f3n y promoci\u00f3n de la regi\u00f3n casanare\u00f1a en el \u00e1mbito audiovisual.<\/li><li>Los premios podr\u00e1n incluir, pero no se limitan a, certificados de participaci\u00f3n, difusi\u00f3n de las locaciones seleccionadas en medios de promoci\u00f3n tur\u00edstica y audiovisual, y posibles oportunidades de colaboraci\u00f3n en futuras producciones audiovisuales.<\/li><\/ul>\t\t\t\t\t\t<\/div>\n\t\t\t\t<\/div>\n\t\t\t\t<div class=\"elementor-element elementor-element-15fb6c5 elementor-invisible elementor-widget elementor-widget-heading\" data-id=\"15fb6c5\" data-element_type=\"widget\" data-settings=\"{&quot;_animation&quot;:&quot;fadeInLeft&quot;}\" data-widget_type=\"heading.default\">\n\t\t\t\t<div class=\"elementor-widget-container\">\n\t\t\t<h5 class=\"elementor-heading-title elementor-size-default\">SELECTION PROCESS<\/h5>\t\t<\/div>\n\t\t\t\t<\/div>\n\t\t\t\t<div class=\"elementor-element elementor-element-d426202 elementor-invisible elementor-widget elementor-widget-text-editor\" data-id=\"d426202\" data-element_type=\"widget\" data-settings=\"{&quot;_animation&quot;:&quot;fadeInUp&quot;}\" data-widget_type=\"text-editor.default\">\n\t\t\t\t<div class=\"elementor-widget-container\">\n\t\t\t\t\t\t\t<ul><li>Un comit\u00e9 de selecci\u00f3n conformado por expertos en turismo, cultura y audiovisual evaluar\u00e1 las propuestas presentadas.<\/li><li>La selecci\u00f3n se realizar\u00e1 en base a la originalidad, calidad, potencial audiovisual y promocional de las locaciones propuestas.<\/li><li>Los participantes cuyas propuestas sean seleccionadas ser\u00e1n notificados por los medios de contacto proporcionados en el formulario de inscripci\u00f3n.<\/li><\/ul>\t\t\t\t\t\t<\/div>\n\t\t\t\t<\/div>\n\t\t\t\t<div class=\"elementor-element elementor-element-2e25973 elementor-invisible elementor-widget elementor-widget-heading\" data-id=\"2e25973\" data-element_type=\"widget\" data-settings=\"{&quot;_animation&quot;:&quot;fadeInLeft&quot;}\" data-widget_type=\"heading.default\">\n\t\t\t\t<div class=\"elementor-widget-container\">\n\t\t\t<h5 class=\"elementor-heading-title elementor-size-default\">DELIVERY METHOD<\/h5>\t\t<\/div>\n\t\t\t\t<\/div>\n\t\t\t\t<div class=\"elementor-element elementor-element-54a8663 elementor-invisible elementor-widget elementor-widget-text-editor\" data-id=\"54a8663\" data-element_type=\"widget\" data-settings=\"{&quot;_animation&quot;:&quot;fadeInUp&quot;}\" data-widget_type=\"text-editor.default\">\n\t\t\t\t<div class=\"elementor-widget-container\">\n\t\t\t\t\t\t\t<ul><li>Las propuestas deber\u00e1n ser enviadas a trav\u00e9s del formulario de inscripci\u00f3n designado para la convocatoria.<\/li><li>Se deber\u00e1 adjuntar la descripci\u00f3n detallada de la locaci\u00f3n propuesta, incluyendo fotograf\u00edas o material audiovisual que ilustre la misma.<\/li><li>Se deber\u00e1n proporcionar datos de contacto actualizados.<\/li><\/ul>\t\t\t\t\t\t<\/div>\n\t\t\t\t<\/div>\n\t\t\t\t<div class=\"elementor-element elementor-element-187d485 elementor-invisible elementor-widget elementor-widget-heading\" data-id=\"187d485\" data-element_type=\"widget\" data-settings=\"{&quot;_animation&quot;:&quot;fadeInLeft&quot;}\" data-widget_type=\"heading.default\">\n\t\t\t\t<div class=\"elementor-widget-container\">\n\t\t\t<h5 class=\"elementor-heading-title elementor-size-default\">ACEPTACI\u00d3N DE LAS BASES<\/h5>\t\t<\/div>\n\t\t\t\t<\/div>\n\t\t\t\t<div class=\"elementor-element elementor-element-932edae elementor-invisible elementor-widget elementor-widget-text-editor\" data-id=\"932edae\" data-element_type=\"widget\" data-settings=\"{&quot;_animation&quot;:&quot;fadeInUp&quot;}\" data-widget_type=\"text-editor.default\">\n\t\t\t\t<div class=\"elementor-widget-container\">\n\t\t\t\t\t\t\t<ul><li>La participaci\u00f3n en la convocatoria implica la aceptaci\u00f3n de todas las bases establecidas.<\/li><li>Los participantes deber\u00e1n cumplir con los requisitos y condiciones establecidas para ser considerados en el proceso de selecci\u00f3n.<\/li><li>Cualquier incumplimiento de las bases establecidas puede resultar en la descalificaci\u00f3n del participante.<\/li><\/ul>\t\t\t\t\t\t<\/div>\n\t\t\t\t<\/div>\n\t\t\t\t<div class=\"elementor-element elementor-element-0d72f2f elementor-invisible elementor-widget elementor-widget-heading\" data-id=\"0d72f2f\" data-element_type=\"widget\" data-settings=\"{&quot;_animation&quot;:&quot;fadeInLeft&quot;}\" data-widget_type=\"heading.default\">\n\t\t\t\t<div class=\"elementor-widget-container\">\n\t\t\t<h5 class=\"elementor-heading-title elementor-size-default\">DISPOSICIONES FINALES El F.I.C.Y<\/h5>\t\t<\/div>\n\t\t\t\t<\/div>\n\t\t\t\t<div class=\"elementor-element elementor-element-cfa51b1 elementor-invisible elementor-widget elementor-widget-text-editor\" data-id=\"cfa51b1\" data-element_type=\"widget\" data-settings=\"{&quot;_animation&quot;:&quot;fadeInUp&quot;}\" data-widget_type=\"text-editor.default\">\n\t\t\t\t<div class=\"elementor-widget-container\">\n\t\t\t\t\t\t\t<p>se reserva el derecho de modificar estas bases en caso de ser necesario, y de resolver cualquier situaci\u00f3n no prevista en ellas.<\/p>\t\t\t\t\t\t<\/div>\n\t\t\t\t<\/div>\n\t\t\t\t\t<\/div>\n\t\t<\/div>\n\t\t\t\t\t\t\t<\/div>\n\t\t<\/section>\n\t\t\t\t\t\t\t<\/div>","protected":false},"excerpt":{"rendered":"<p>\u201cCat\u00e1logo de Locaciones\u201d El Festival Internacional de Cine de Yopal (F.I.C.Y) Descarga las Bases PDF \u00abCat\u00e1logo de Locaciones\u00bb es una iniciativa que busca promover la riqueza tur\u00edstica y cultural de la regi\u00f3n casanare\u00f1a a trav\u00e9s del cine, incentivando la participaci\u00f3n de cineastas y productores audiovisuales en. BASES DEL CONCURSO \u201cCAT\u00c1LOGO DE LOCACIONES\u201d La convocatoria est\u00e1 &hellip;<\/p>\n<p class=\"read-more\"> <a class=\"\" href=\"https:\/\/ficyfestival.com\/en\/base-de-convocatoria-catalogo-de-locaciones\/\"> <span class=\"screen-reader-text\">Base de Convocatoria Catalogo de Locaciones<\/span> Read More \u00bb<\/a><\/p>","protected":false},"author":1,"featured_media":0,"parent":0,"menu_order":0,"comment_status":"closed","ping_status":"closed","template":"","meta":{"site-sidebar-layout":"no-sidebar","site-content-layout":"page-builder","ast-main-header-display":"","ast-hfb-above-header-display":"","ast-hfb-below-header-display":"","ast-hfb-mobile-header-display":"","site-post-title":"disabled","ast-breadcrumbs-content":"","ast-featured-img":"disabled","footer-sml-layout":"","theme-transparent-header-meta":"","adv-header-id-meta":"","stick-header-meta":"","header-above-stick-meta":"","header-main-stick-meta":"","header-below-stick-meta":"","footnotes":""},"class_list":["post-2913","page","type-page","status-publish","hentry"],"_links":{"self":[{"href":"https:\/\/ficyfestival.com\/en\/wp-json\/wp\/v2\/pages\/2913","targetHints":{"allow":["GET"]}}],"collection":[{"href":"https:\/\/ficyfestival.com\/en\/wp-json\/wp\/v2\/pages"}],"about":[{"href":"https:\/\/ficyfestival.com\/en\/wp-json\/wp\/v2\/types\/page"}],"author":[{"embeddable":true,"href":"https:\/\/ficyfestival.com\/en\/wp-json\/wp\/v2\/users\/1"}],"replies":[{"embeddable":true,"href":"https:\/\/ficyfestival.com\/en\/wp-json\/wp\/v2\/comments?post=2913"}],"version-history":[{"count":28,"href":"https:\/\/ficyfestival.com\/en\/wp-json\/wp\/v2\/pages\/2913\/revisions"}],"predecessor-version":[{"id":2947,"href":"https:\/\/ficyfestival.com\/en\/wp-json\/wp\/v2\/pages\/2913\/revisions\/2947"}],"wp:attachment":[{"href":"https:\/\/ficyfestival.com\/en\/wp-json\/wp\/v2\/media?parent=2913"}],"curies":[{"name":"wp","href":"https:\/\/api.w.org\/{rel}","templated":true}]}}