{"id":1447,"date":"2023-03-10T15:01:32","date_gmt":"2023-03-10T15:01:32","guid":{"rendered":"https:\/\/ficyfestival.com\/?page_id=1447"},"modified":"2023-04-05T01:09:50","modified_gmt":"2023-04-05T01:09:50","slug":"catalogo-de-locaciones","status":"publish","type":"page","link":"https:\/\/ficyfestival.com\/en\/catalogo-de-locaciones\/","title":{"rendered":"Location Catalog"},"content":{"rendered":"<div data-elementor-type=\"wp-page\" data-elementor-id=\"1447\" class=\"elementor elementor-1447\">\n\t\t\t\t\t\t\t\t\t<section class=\"has_eae_slider elementor-section elementor-top-section elementor-element elementor-element-6600894f elementor-section-height-min-height elementor-section-boxed elementor-section-height-default elementor-section-items-middle\" data-id=\"6600894f\" data-element_type=\"section\" data-settings=\"{&quot;background_background&quot;:&quot;classic&quot;}\">\n\t\t\t\t\t\t\t<div class=\"elementor-background-overlay\"><\/div>\n\t\t\t\t\t\t\t<div class=\"elementor-container elementor-column-gap-default\">\n\t\t\t\t\t<div class=\"has_eae_slider elementor-column elementor-col-100 elementor-top-column elementor-element elementor-element-1546f952\" data-id=\"1546f952\" data-element_type=\"column\">\n\t\t\t<div class=\"elementor-widget-wrap elementor-element-populated\">\n\t\t\t\t\t\t\t\t<div class=\"elementor-element elementor-element-1a153697 elementor-widget__width-auto elementor-widget elementor-widget-heading\" data-id=\"1a153697\" data-element_type=\"widget\" data-widget_type=\"heading.default\">\n\t\t\t\t<div class=\"elementor-widget-container\">\n\t\t\t<style>\/*! elementor - v3.6.4 - 13-04-2022 *\/\n.elementor-heading-title{padding:0;margin:0;line-height:1}.elementor-widget-heading .elementor-heading-title[class*=elementor-size-]>a{color:inherit;font-size:inherit;line-height:inherit}.elementor-widget-heading .elementor-heading-title.elementor-size-small{font-size:15px}.elementor-widget-heading .elementor-heading-title.elementor-size-medium{font-size:19px}.elementor-widget-heading .elementor-heading-title.elementor-size-large{font-size:29px}.elementor-widget-heading .elementor-heading-title.elementor-size-xl{font-size:39px}.elementor-widget-heading .elementor-heading-title.elementor-size-xxl{font-size:59px}<\/style><h2 class=\"elementor-heading-title elementor-size-default\">\/<\/h2>\t\t<\/div>\n\t\t\t\t<\/div>\n\t\t\t\t\t<\/div>\n\t\t<\/div>\n\t\t\t\t\t\t\t<\/div>\n\t\t<\/section>\n\t\t\t\t<section class=\"has_eae_slider elementor-section elementor-top-section elementor-element elementor-element-4733a1e0 elementor-section-boxed elementor-section-height-default elementor-section-height-default\" data-id=\"4733a1e0\" data-element_type=\"section\" data-settings=\"{&quot;background_background&quot;:&quot;classic&quot;}\">\n\t\t\t\t\t\t<div class=\"elementor-container elementor-column-gap-default\">\n\t\t\t\t\t<div class=\"has_eae_slider elementor-column elementor-col-50 elementor-top-column elementor-element elementor-element-17a6db84 elementor-invisible\" data-id=\"17a6db84\" data-element_type=\"column\" data-settings=\"{&quot;animation&quot;:&quot;fadeInUp&quot;,&quot;animation_delay&quot;:300,&quot;background_background&quot;:&quot;classic&quot;}\">\n\t\t\t<div class=\"elementor-widget-wrap elementor-element-populated\">\n\t\t\t\t\t\t\t\t<div class=\"elementor-element elementor-element-5ca6a08 elementor-widget elementor-widget-image\" data-id=\"5ca6a08\" data-element_type=\"widget\" data-widget_type=\"image.default\">\n\t\t\t\t<div class=\"elementor-widget-container\">\n\t\t\t<style>\/*! elementor - v3.6.4 - 13-04-2022 *\/\n.elementor-widget-image{text-align:center}.elementor-widget-image a{display:inline-block}.elementor-widget-image a img[src$=\".svg\"]{width:48px}.elementor-widget-image img{vertical-align:middle;display:inline-block}<\/style>\t\t\t\t\t\t\t\t\t\t\t\t<img loading=\"lazy\" decoding=\"async\" width=\"1024\" height=\"1024\" src=\"https:\/\/ficyfestival.com\/wp-content\/uploads\/2023\/03\/WhatsApp-Image-2023-03-10-at-11.03.15-AM-1024x1024.jpeg\" class=\"attachment-large size-large\" alt=\"\" srcset=\"https:\/\/ficyfestival.com\/wp-content\/uploads\/2023\/03\/WhatsApp-Image-2023-03-10-at-11.03.15-AM-1024x1024.jpeg 1024w, https:\/\/ficyfestival.com\/wp-content\/uploads\/2023\/03\/WhatsApp-Image-2023-03-10-at-11.03.15-AM-300x300.jpeg 300w, https:\/\/ficyfestival.com\/wp-content\/uploads\/2023\/03\/WhatsApp-Image-2023-03-10-at-11.03.15-AM-150x150.jpeg 150w, https:\/\/ficyfestival.com\/wp-content\/uploads\/2023\/03\/WhatsApp-Image-2023-03-10-at-11.03.15-AM-768x768.jpeg 768w, https:\/\/ficyfestival.com\/wp-content\/uploads\/2023\/03\/WhatsApp-Image-2023-03-10-at-11.03.15-AM.jpeg 1080w\" sizes=\"auto, (max-width: 1024px) 100vw, 1024px\" \/>\t\t\t\t\t\t\t\t\t\t\t\t\t\t\t<\/div>\n\t\t\t\t<\/div>\n\t\t\t\t\t<\/div>\n\t\t<\/div>\n\t\t\t\t<div class=\"has_eae_slider elementor-column elementor-col-50 elementor-top-column elementor-element elementor-element-1376de0e\" data-id=\"1376de0e\" data-element_type=\"column\">\n\t\t\t<div class=\"elementor-widget-wrap elementor-element-populated\">\n\t\t\t\t\t\t\t\t<div class=\"elementor-element elementor-element-3334b845 elementor-invisible elementor-widget elementor-widget-text-editor\" data-id=\"3334b845\" data-element_type=\"widget\" data-settings=\"{&quot;_animation&quot;:&quot;fadeInUp&quot;,&quot;_animation_delay&quot;:500}\" data-widget_type=\"text-editor.default\">\n\t\t\t\t<div class=\"elementor-widget-container\">\n\t\t\t<style>\/*! elementor - v3.6.4 - 13-04-2022 *\/\n.elementor-widget-text-editor.elementor-drop-cap-view-stacked .elementor-drop-cap{background-color:#818a91;color:#fff}.elementor-widget-text-editor.elementor-drop-cap-view-framed .elementor-drop-cap{color:#818a91;border:3px solid;background-color:transparent}.elementor-widget-text-editor:not(.elementor-drop-cap-view-default) .elementor-drop-cap{margin-top:8px}.elementor-widget-text-editor:not(.elementor-drop-cap-view-default) .elementor-drop-cap-letter{width:1em;height:1em}.elementor-widget-text-editor .elementor-drop-cap{float:left;text-align:center;line-height:1;font-size:50px}.elementor-widget-text-editor .elementor-drop-cap-letter{display:inline-block}<\/style>\t\t\t\t<p>\u00abCat\u00e1logo de Locaciones\u00bb es una iniciativa que busca incentivar la producci\u00f3n audiovisual en la regi\u00f3n casanare\u00f1a.\u00a0<\/p>\t\t\t\t\t\t<\/div>\n\t\t\t\t<\/div>\n\t\t\t\t<div class=\"elementor-element elementor-element-302abe0 elementor-widget elementor-widget-text-editor\" data-id=\"302abe0\" data-element_type=\"widget\" data-widget_type=\"text-editor.default\">\n\t\t\t\t<div class=\"elementor-widget-container\">\n\t\t\t\t\t\t\t<p><span style=\"font-style: inherit; font-weight: inherit; color: var(--ast-global-color-3);\">Promoting its tourist and cultural attractions through a selection of the most outstanding and unique locations. This initiative contributes to the economic and cultural development of the region, and encourages community participation in the audiovisual world.<\/span><\/p>\t\t\t\t\t\t<\/div>\n\t\t\t\t<\/div>\n\t\t\t\t\t<\/div>\n\t\t<\/div>\n\t\t\t\t\t\t\t<\/div>\n\t\t<\/section>\n\t\t\t\t<section class=\"has_eae_slider elementor-section elementor-top-section elementor-element elementor-element-35b76867 elementor-section-boxed elementor-section-height-default elementor-section-height-default elementor-invisible\" data-id=\"35b76867\" data-element_type=\"section\" data-settings=\"{&quot;animation&quot;:&quot;zoomIn&quot;,&quot;animation_delay&quot;:500,&quot;background_background&quot;:&quot;classic&quot;}\">\n\t\t\t\t\t\t<div class=\"elementor-container elementor-column-gap-default\">\n\t\t\t\t\t<div class=\"has_eae_slider elementor-column elementor-col-16 elementor-top-column elementor-element elementor-element-11b8bcb4\" data-id=\"11b8bcb4\" data-element_type=\"column\">\n\t\t\t<div class=\"elementor-widget-wrap elementor-element-populated\">\n\t\t\t\t\t\t\t\t<div class=\"elementor-element elementor-element-693034c9 elementor-widget elementor-widget-image\" data-id=\"693034c9\" data-element_type=\"widget\" data-widget_type=\"image.default\">\n\t\t\t\t<div class=\"elementor-widget-container\">\n\t\t\t\t\t\t\t\t\t\t\t\t\t\t\t\t<a href=\"https:\/\/ficyfestival.com\/wp-content\/uploads\/2023\/03\/colp-ext-104700_39108424_20211210090816.jpg\" data-elementor-open-lightbox=\"yes\" data-elementor-lightbox-title=\"colp-ext-104700_39108424_20211210090816\" e-action-hash=\"#elementor-action%3Aaction%3Dlightbox%26settings%3DeyJpZCI6MTYxNywidXJsIjoiaHR0cHM6XC9cL2ZpY3lmZXN0aXZhbC5jb21cL3dwLWNvbnRlbnRcL3VwbG9hZHNcLzIwMjNcLzAzXC9jb2xwLWV4dC0xMDQ3MDBfMzkxMDg0MjRfMjAyMTEyMTAwOTA4MTYuanBnIn0%3D\">\n\t\t\t\t\t\t\t<img decoding=\"async\" src=\"https:\/\/ficyfestival.com\/wp-content\/uploads\/elementor\/thumbs\/colp-ext-104700_39108424_20211210090816-q3bljtv3ghrvfq8yuk69y0dislj8yjdw69ox50dav8.jpg\" title=\"colp-ext-104700_39108424_20211210090816\" alt=\"colp-ext-104700_39108424_20211210090816\" class=\"elementor-animation-shrink\" \/>\t\t\t\t\t\t\t\t<\/a>\n\t\t\t\t\t\t\t\t\t\t\t\t\t\t\t<\/div>\n\t\t\t\t<\/div>\n\t\t\t\t\t<\/div>\n\t\t<\/div>\n\t\t\t\t<div class=\"has_eae_slider elementor-column elementor-col-16 elementor-top-column elementor-element elementor-element-3fb68d0\" data-id=\"3fb68d0\" data-element_type=\"column\">\n\t\t\t<div class=\"elementor-widget-wrap elementor-element-populated\">\n\t\t\t\t\t\t\t\t<div class=\"elementor-element elementor-element-c70fa71 elementor-widget elementor-widget-image\" data-id=\"c70fa71\" data-element_type=\"widget\" data-widget_type=\"image.default\">\n\t\t\t\t<div class=\"elementor-widget-container\">\n\t\t\t\t\t\t\t\t\t\t\t\t\t\t\t\t<a href=\"https:\/\/ficyfestival.com\/wp-content\/uploads\/2023\/03\/maxresdefault.jpg\" data-elementor-open-lightbox=\"yes\" data-elementor-lightbox-title=\"maxresdefault\" e-action-hash=\"#elementor-action%3Aaction%3Dlightbox%26settings%3DeyJpZCI6MTYyMSwidXJsIjoiaHR0cHM6XC9cL2ZpY3lmZXN0aXZhbC5jb21cL3dwLWNvbnRlbnRcL3VwbG9hZHNcLzIwMjNcLzAzXC9tYXhyZXNkZWZhdWx0LmpwZyJ9\">\n\t\t\t\t\t\t\t<img decoding=\"async\" src=\"https:\/\/ficyfestival.com\/wp-content\/uploads\/elementor\/thumbs\/maxresdefault-q3bllf791dyd3xxojqyio3wn13on02piq5hjew0abo.jpg\" title=\"maxresdefault\" alt=\"maxresdefault\" class=\"elementor-animation-shrink\" \/>\t\t\t\t\t\t\t\t<\/a>\n\t\t\t\t\t\t\t\t\t\t\t\t\t\t\t<\/div>\n\t\t\t\t<\/div>\n\t\t\t\t\t<\/div>\n\t\t<\/div>\n\t\t\t\t<div class=\"has_eae_slider elementor-column elementor-col-16 elementor-top-column elementor-element elementor-element-63a4c3dc\" data-id=\"63a4c3dc\" data-element_type=\"column\">\n\t\t\t<div class=\"elementor-widget-wrap elementor-element-populated\">\n\t\t\t\t\t\t\t\t<div class=\"elementor-element elementor-element-14872dab elementor-widget elementor-widget-image\" data-id=\"14872dab\" data-element_type=\"widget\" data-widget_type=\"image.default\">\n\t\t\t\t<div class=\"elementor-widget-container\">\n\t\t\t\t\t\t\t\t\t\t\t\t\t\t\t\t<a href=\"https:\/\/ficyfestival.com\/wp-content\/uploads\/2023\/03\/Casanare-Los-Llanos-Colombia-Reservas-Lagunazo-y-Buenaventura-@MathieuPerrot-Bohringer-47.jpg\" data-elementor-open-lightbox=\"yes\" data-elementor-lightbox-title=\"Casanare-Los-Llanos-Colombia-Reservas-Lagunazo-y-Buenaventura-@MathieuPerrot-Bohringer-47\" e-action-hash=\"#elementor-action%3Aaction%3Dlightbox%26settings%3DeyJpZCI6MTYyNiwidXJsIjoiaHR0cHM6XC9cL2ZpY3lmZXN0aXZhbC5jb21cL3dwLWNvbnRlbnRcL3VwbG9hZHNcLzIwMjNcLzAzXC9DYXNhbmFyZS1Mb3MtTGxhbm9zLUNvbG9tYmlhLVJlc2VydmFzLUxhZ3VuYXpvLXktQnVlbmF2ZW50dXJhLUBNYXRoaWV1UGVycm90LUJvaHJpbmdlci00Ny5qcGcifQ%3D%3D\">\n\t\t\t\t\t\t\t<img decoding=\"async\" src=\"https:\/\/ficyfestival.com\/wp-content\/uploads\/elementor\/thumbs\/Casanare-Los-Llanos-Colombia-Reservas-Lagunazo-y-Buenaventura-@MathieuPerrot-Bohringer-47-q3blnbtgwakanh60f2ma84lae8aflz9xbl3zg36jpg.jpg\" title=\"Casanare-Los-Llanos-Colombia-Reservas-Lagunazo-y-Buenaventura-@MathieuPerrot-Bohringer-47\" alt=\"Casanare-Los-Llanos-Colombia-Reservas-Lagunazo-y-Buenaventura-@MathieuPerrot-Bohringer-47\" class=\"elementor-animation-shrink\" \/>\t\t\t\t\t\t\t\t<\/a>\n\t\t\t\t\t\t\t\t\t\t\t\t\t\t\t<\/div>\n\t\t\t\t<\/div>\n\t\t\t\t\t<\/div>\n\t\t<\/div>\n\t\t\t\t<div class=\"has_eae_slider elementor-column elementor-col-16 elementor-top-column elementor-element elementor-element-77804cc7\" data-id=\"77804cc7\" data-element_type=\"column\">\n\t\t\t<div class=\"elementor-widget-wrap elementor-element-populated\">\n\t\t\t\t\t\t\t\t<div class=\"elementor-element elementor-element-41b6dc5c elementor-widget elementor-widget-image\" data-id=\"41b6dc5c\" data-element_type=\"widget\" data-widget_type=\"image.default\">\n\t\t\t\t<div class=\"elementor-widget-container\">\n\t\t\t\t\t\t\t\t\t\t\t\t\t\t\t\t<a href=\"https:\/\/ficyfestival.com\/wp-content\/uploads\/2023\/03\/Turismo-Casanare.jpg\" data-elementor-open-lightbox=\"yes\" data-elementor-lightbox-title=\"Turismo-Casanare\" e-action-hash=\"#elementor-action%3Aaction%3Dlightbox%26settings%3DeyJpZCI6MTYzMCwidXJsIjoiaHR0cHM6XC9cL2ZpY3lmZXN0aXZhbC5jb21cL3dwLWNvbnRlbnRcL3VwbG9hZHNcLzIwMjNcLzAzXC9UdXJpc21vLUNhc2FuYXJlLmpwZyJ9\">\n\t\t\t\t\t\t\t<img decoding=\"async\" src=\"https:\/\/ficyfestival.com\/wp-content\/uploads\/elementor\/thumbs\/Turismo-Casanare-q3blow7sacpi02w39qzwdqcy1ckgfthtjc948ouxc4.jpg\" title=\"Turismo-Casanare\" alt=\"Turismo-Casanare\" class=\"elementor-animation-shrink\" \/>\t\t\t\t\t\t\t\t<\/a>\n\t\t\t\t\t\t\t\t\t\t\t\t\t\t\t<\/div>\n\t\t\t\t<\/div>\n\t\t\t\t\t<\/div>\n\t\t<\/div>\n\t\t\t\t<div class=\"has_eae_slider elementor-column elementor-col-16 elementor-top-column elementor-element elementor-element-52a95c91\" data-id=\"52a95c91\" data-element_type=\"column\">\n\t\t\t<div class=\"elementor-widget-wrap elementor-element-populated\">\n\t\t\t\t\t\t\t\t<div class=\"elementor-element elementor-element-194b40b4 elementor-widget elementor-widget-image\" data-id=\"194b40b4\" data-element_type=\"widget\" data-widget_type=\"image.default\">\n\t\t\t\t<div class=\"elementor-widget-container\">\n\t\t\t\t\t\t\t\t\t\t\t\t\t\t\t\t<a href=\"https:\/\/ficyfestival.com\/wp-content\/uploads\/2023\/03\/orocue-casanare-conservacion-de-aves-01062015-1.jpg\" data-elementor-open-lightbox=\"yes\" data-elementor-lightbox-title=\"orocue-casanare-conservacion-de-aves-01062015-1\" e-action-hash=\"#elementor-action%3Aaction%3Dlightbox%26settings%3DeyJpZCI6MTYzNCwidXJsIjoiaHR0cHM6XC9cL2ZpY3lmZXN0aXZhbC5jb21cL3dwLWNvbnRlbnRcL3VwbG9hZHNcLzIwMjNcLzAzXC9vcm9jdWUtY2FzYW5hcmUtY29uc2VydmFjaW9uLWRlLWF2ZXMtMDEwNjIwMTUtMS5qcGcifQ%3D%3D\">\n\t\t\t\t\t\t\t<img decoding=\"async\" src=\"https:\/\/ficyfestival.com\/wp-content\/uploads\/elementor\/thumbs\/orocue-casanare-conservacion-de-aves-01062015-1-q3blsaesytcrxdylg7tedviv9fu68gyxc528mntqv8.jpg\" title=\"orocue-casanare-conservacion-de-aves-01062015-1\" alt=\"orocue-casanare-conservacion-de-aves-01062015-1\" class=\"elementor-animation-shrink\" \/>\t\t\t\t\t\t\t\t<\/a>\n\t\t\t\t\t\t\t\t\t\t\t\t\t\t\t<\/div>\n\t\t\t\t<\/div>\n\t\t\t\t\t<\/div>\n\t\t<\/div>\n\t\t\t\t<div class=\"has_eae_slider elementor-column elementor-col-16 elementor-top-column elementor-element elementor-element-204c169d\" data-id=\"204c169d\" data-element_type=\"column\">\n\t\t\t<div class=\"elementor-widget-wrap elementor-element-populated\">\n\t\t\t\t\t\t\t\t<div class=\"elementor-element elementor-element-6397d08 elementor-widget elementor-widget-image\" data-id=\"6397d08\" data-element_type=\"widget\" data-widget_type=\"image.default\">\n\t\t\t\t<div class=\"elementor-widget-container\">\n\t\t\t\t\t\t\t\t\t\t\t\t\t\t\t\t<a href=\"https:\/\/ficyfestival.com\/wp-content\/uploads\/2023\/03\/Garcero-01-scaled.jpg\" data-elementor-open-lightbox=\"yes\" data-elementor-lightbox-title=\"Garcero-01\" e-action-hash=\"#elementor-action%3Aaction%3Dlightbox%26settings%3DeyJpZCI6MTYzNiwidXJsIjoiaHR0cHM6XC9cL2ZpY3lmZXN0aXZhbC5jb21cL3dwLWNvbnRlbnRcL3VwbG9hZHNcLzIwMjNcLzAzXC9HYXJjZXJvLTAxLXNjYWxlZC5qcGcifQ%3D%3D\">\n\t\t\t\t\t\t\t<img decoding=\"async\" src=\"https:\/\/ficyfestival.com\/wp-content\/uploads\/elementor\/thumbs\/Garcero-01-scaled-q3blv2zja36gfnwi4xahao56to2g4327dyv6z9omdg.jpg\" title=\"Garcero-01\" alt=\"Garcero-01\" class=\"elementor-animation-shrink\" \/>\t\t\t\t\t\t\t\t<\/a>\n\t\t\t\t\t\t\t\t\t\t\t\t\t\t\t<\/div>\n\t\t\t\t<\/div>\n\t\t\t\t\t<\/div>\n\t\t<\/div>\n\t\t\t\t\t\t\t<\/div>\n\t\t<\/section>\n\t\t\t\t<section class=\"has_eae_slider elementor-section elementor-top-section elementor-element elementor-element-3a9ee566 elementor-section-boxed elementor-section-height-default elementor-section-height-default\" data-id=\"3a9ee566\" data-element_type=\"section\" data-settings=\"{&quot;background_background&quot;:&quot;classic&quot;}\">\n\t\t\t\t\t\t<div class=\"elementor-container elementor-column-gap-default\">\n\t\t\t\t\t<div class=\"has_eae_slider elementor-column elementor-col-50 elementor-top-column elementor-element elementor-element-48b6dbf9 elementor-invisible\" data-id=\"48b6dbf9\" data-element_type=\"column\" data-settings=\"{&quot;animation&quot;:&quot;fadeInUp&quot;,&quot;animation_delay&quot;:300}\">\n\t\t\t<div class=\"elementor-widget-wrap elementor-element-populated\">\n\t\t\t\t\t\t\t\t<div class=\"elementor-element elementor-element-fe24d2d elementor-widget elementor-widget-heading\" data-id=\"fe24d2d\" data-element_type=\"widget\" data-widget_type=\"heading.default\">\n\t\t\t\t<div class=\"elementor-widget-container\">\n\t\t\t<h2 class=\"elementor-heading-title elementor-size-default\">Location Catalog<\/h2>\t\t<\/div>\n\t\t\t\t<\/div>\n\t\t\t\t<div class=\"elementor-element elementor-element-2174179f elementor-widget elementor-widget-image\" data-id=\"2174179f\" data-element_type=\"widget\" data-widget_type=\"image.default\">\n\t\t\t\t<div class=\"elementor-widget-container\">\n\t\t\t\t\t\t\t\t\t\t\t\t\t\t\t<img loading=\"lazy\" decoding=\"async\" width=\"576\" height=\"1024\" src=\"https:\/\/ficyfestival.com\/wp-content\/uploads\/2023\/03\/Diseno-sin-titulo-57-576x1024.png\" class=\"attachment-large size-large\" alt=\"\" srcset=\"https:\/\/ficyfestival.com\/wp-content\/uploads\/2023\/03\/Diseno-sin-titulo-57-576x1024.png 576w, https:\/\/ficyfestival.com\/wp-content\/uploads\/2023\/03\/Diseno-sin-titulo-57-169x300.png 169w, https:\/\/ficyfestival.com\/wp-content\/uploads\/2023\/03\/Diseno-sin-titulo-57-768x1365.png 768w, https:\/\/ficyfestival.com\/wp-content\/uploads\/2023\/03\/Diseno-sin-titulo-57-864x1536.png 864w, https:\/\/ficyfestival.com\/wp-content\/uploads\/2023\/03\/Diseno-sin-titulo-57.png 1080w\" sizes=\"auto, (max-width: 576px) 100vw, 576px\" \/>\t\t\t\t\t\t\t\t\t\t\t\t\t\t\t<\/div>\n\t\t\t\t<\/div>\n\t\t\t\t\t<\/div>\n\t\t<\/div>\n\t\t\t\t<div class=\"has_eae_slider elementor-column elementor-col-50 elementor-top-column elementor-element elementor-element-65262638\" data-id=\"65262638\" data-element_type=\"column\">\n\t\t\t<div class=\"elementor-widget-wrap elementor-element-populated\">\n\t\t\t\t\t\t\t\t<div class=\"elementor-element elementor-element-d9853f2 elementor-widget elementor-widget-text-editor\" data-id=\"d9853f2\" data-element_type=\"widget\" data-widget_type=\"text-editor.default\">\n\t\t\t\t<div class=\"elementor-widget-container\">\n\t\t\t\t\t\t\t<p>It is an initiative that seeks to encourage national production or international co-productions to use the landscapes of the Casanare\u00f1a region to be included in high-quality cinematographic productions, as well as in all types of audiovisual projects. The objective of this initiative is to promote the tourist and cultural attractions of the region, through the presentation of its most outstanding and unique locations.<\/p><p>El \u00abCat\u00e1logo de Locaciones\u00bb est\u00e1 compuesto por una selecci\u00f3n de los lugares m\u00e1s representativos y atractivos de la regi\u00f3n, tales como paisajes naturales, monumentos hist\u00f3ricos, edificios emblem\u00e1ticos, entre otros. La iniciativa busca mostrar la diversidad y riqueza de la regi\u00f3n casanare\u00f1a, ofreciendo a los cineastas y productores audiovisuales la oportunidad de escoger entre una amplia variedad de locaciones para la realizaci\u00f3n de sus proyectos.<\/p><p>This initiative contributes to promoting tourism and the local economy, since audiovisual production can attract tourists and visitors interested in knowing the places where films and other projects have been made. In addition, it allows the inhabitants of the Casanare\u00f1a region to participate in the audiovisual world, either as extras, technicians or in other areas related to film production.<\/p><p>En resumen, el \u00abCat\u00e1logo de Locaciones\u00bb es una iniciativa que busca incentivar la producci\u00f3n audiovisual en la regi\u00f3n casanare\u00f1a, promocionando sus atractivos tur\u00edsticos y culturales a trav\u00e9s de una selecci\u00f3n de las locaciones m\u00e1s destacadas y \u00fanicas. Esta iniciativa contribuye al desarrollo econ\u00f3mico y cultural de la regi\u00f3n, y fomenta la participaci\u00f3n de la comunidad en el mundo audiovisual.<\/p>\t\t\t\t\t\t<\/div>\n\t\t\t\t<\/div>\n\t\t\t\t\t<\/div>\n\t\t<\/div>\n\t\t\t\t\t\t\t<\/div>\n\t\t<\/section>\n\t\t\t\t<section class=\"has_eae_slider elementor-section elementor-top-section elementor-element elementor-element-b001e89 elementor-section-content-middle elementor-section-height-min-height elementor-section-boxed elementor-section-height-default elementor-section-items-middle\" data-id=\"b001e89\" data-element_type=\"section\" data-settings=\"{&quot;background_background&quot;:&quot;classic&quot;}\">\n\t\t\t\t\t\t\t<div class=\"elementor-background-overlay\"><\/div>\n\t\t\t\t\t\t\t<div class=\"elementor-container elementor-column-gap-default\">\n\t\t\t\t\t<div class=\"has_eae_slider elementor-column elementor-col-66 elementor-top-column elementor-element elementor-element-ccee734\" data-id=\"ccee734\" data-element_type=\"column\">\n\t\t\t<div class=\"elementor-widget-wrap elementor-element-populated\">\n\t\t\t\t\t\t\t\t<div class=\"elementor-element elementor-element-e9d6dd2 elementor-invisible elementor-widget elementor-widget-text-editor\" data-id=\"e9d6dd2\" data-element_type=\"widget\" data-settings=\"{&quot;_animation&quot;:&quot;fadeInDown&quot;}\" data-widget_type=\"text-editor.default\">\n\t\t\t\t<div class=\"elementor-widget-container\">\n\t\t\t\t\t\t\t<p>Demonstrate your talent and unique vision through cinema.<\/p>\t\t\t\t\t\t<\/div>\n\t\t\t\t<\/div>\n\t\t\t\t<div class=\"elementor-element elementor-element-ead7219 animated-slow elementor-invisible elementor-widget elementor-widget-heading\" data-id=\"ead7219\" data-element_type=\"widget\" data-settings=\"{&quot;_animation&quot;:&quot;fadeIn&quot;,&quot;_animation_delay&quot;:600}\" data-widget_type=\"heading.default\">\n\t\t\t\t<div class=\"elementor-widget-container\">\n\t\t\t<h2 class=\"elementor-heading-title elementor-size-default\">FICY 2024 CALL RULES<\/h2>\t\t<\/div>\n\t\t\t\t<\/div>\n\t\t\t\t\t<\/div>\n\t\t<\/div>\n\t\t\t\t<div class=\"has_eae_slider elementor-column elementor-col-33 elementor-top-column elementor-element elementor-element-97babf2\" data-id=\"97babf2\" data-element_type=\"column\">\n\t\t\t<div class=\"elementor-widget-wrap elementor-element-populated\">\n\t\t\t\t\t\t\t\t<div class=\"elementor-element elementor-element-974621d elementor-align-right elementor-tablet-align-center elementor-mobile-align-center elementor-widget elementor-widget-button\" data-id=\"974621d\" data-element_type=\"widget\" data-widget_type=\"button.default\">\n\t\t\t\t<div class=\"elementor-widget-container\">\n\t\t\t\t\t<div class=\"elementor-button-wrapper\">\n\t\t\t<a href=\"https:\/\/ficyfestival.com\/en\/base-de-convocatoria-catalogo-de-locaciones\/\" class=\"elementor-button-link elementor-button elementor-size-lg elementor-animation-shrink\" role=\"button\">\n\t\t\t\t\t\t<span class=\"elementor-button-content-wrapper\">\n\t\t\t\t\t\t\t<span class=\"elementor-button-icon elementor-align-icon-right\">\n\t\t\t\t<i aria-hidden=\"true\" class=\"far fa-clipboard\"><\/i>\t\t\t<\/span>\n\t\t\t\t\t\t<span class=\"elementor-button-text\">Call Rules<\/span>\n\t\t<\/span>\n\t\t\t\t\t<\/a>\n\t\t<\/div>\n\t\t\t\t<\/div>\n\t\t\t\t<\/div>\n\t\t\t\t\t<\/div>\n\t\t<\/div>\n\t\t\t\t\t\t\t<\/div>\n\t\t<\/section>\n\t\t\t\t<section class=\"has_eae_slider elementor-section elementor-top-section elementor-element elementor-element-4c05c77 elementor-section-boxed elementor-section-height-default elementor-section-height-default\" data-id=\"4c05c77\" data-element_type=\"section\">\n\t\t\t\t\t\t<div class=\"elementor-container elementor-column-gap-default\">\n\t\t\t\t\t<div class=\"has_eae_slider elementor-column elementor-col-100 elementor-top-column elementor-element elementor-element-3dfee3d\" data-id=\"3dfee3d\" data-element_type=\"column\">\n\t\t\t<div class=\"elementor-widget-wrap\">\n\t\t\t\t\t\t\t\t\t<\/div>\n\t\t<\/div>\n\t\t\t\t\t\t\t<\/div>\n\t\t<\/section>\n\t\t\t\t\t\t\t<\/div>","protected":false},"excerpt":{"rendered":"<p>\/ \u00abCat\u00e1logo de Locaciones\u00bb es una iniciativa que busca incentivar la producci\u00f3n audiovisual en la regi\u00f3n casanare\u00f1a.\u00a0 Promocionando sus atractivos tur\u00edsticos y culturales a trav\u00e9s de una selecci\u00f3n de las locaciones m\u00e1s destacadas y \u00fanicas. Esta iniciativa contribuye al desarrollo econ\u00f3mico y cultural de la regi\u00f3n, y fomenta la participaci\u00f3n de la comunidad en el &hellip;<\/p>\n<p class=\"read-more\"> <a class=\"\" href=\"https:\/\/ficyfestival.com\/en\/catalogo-de-locaciones\/\"> <span class=\"screen-reader-text\">Location Catalog<\/span> Read More \u00bb<\/a><\/p>","protected":false},"author":1,"featured_media":0,"parent":0,"menu_order":0,"comment_status":"closed","ping_status":"closed","template":"","meta":{"site-sidebar-layout":"no-sidebar","site-content-layout":"page-builder","ast-main-header-display":"","ast-hfb-above-header-display":"","ast-hfb-below-header-display":"","ast-hfb-mobile-header-display":"","site-post-title":"disabled","ast-breadcrumbs-content":"","ast-featured-img":"disabled","footer-sml-layout":"","theme-transparent-header-meta":"","adv-header-id-meta":"","stick-header-meta":"","header-above-stick-meta":"","header-main-stick-meta":"","header-below-stick-meta":"","footnotes":""},"class_list":["post-1447","page","type-page","status-publish","hentry"],"_links":{"self":[{"href":"https:\/\/ficyfestival.com\/en\/wp-json\/wp\/v2\/pages\/1447","targetHints":{"allow":["GET"]}}],"collection":[{"href":"https:\/\/ficyfestival.com\/en\/wp-json\/wp\/v2\/pages"}],"about":[{"href":"https:\/\/ficyfestival.com\/en\/wp-json\/wp\/v2\/types\/page"}],"author":[{"embeddable":true,"href":"https:\/\/ficyfestival.com\/en\/wp-json\/wp\/v2\/users\/1"}],"replies":[{"embeddable":true,"href":"https:\/\/ficyfestival.com\/en\/wp-json\/wp\/v2\/comments?post=1447"}],"version-history":[{"count":76,"href":"https:\/\/ficyfestival.com\/en\/wp-json\/wp\/v2\/pages\/1447\/revisions"}],"predecessor-version":[{"id":2944,"href":"https:\/\/ficyfestival.com\/en\/wp-json\/wp\/v2\/pages\/1447\/revisions\/2944"}],"wp:attachment":[{"href":"https:\/\/ficyfestival.com\/en\/wp-json\/wp\/v2\/media?parent=1447"}],"curies":[{"name":"wp","href":"https:\/\/api.w.org\/{rel}","templated":true}]}}