{"id":1417,"date":"2023-03-10T14:52:53","date_gmt":"2023-03-10T14:52:53","guid":{"rendered":"https:\/\/ficyfestival.com\/?page_id=1417"},"modified":"2023-04-05T00:53:54","modified_gmt":"2023-04-05T00:53:54","slug":"con-tu-ayuda-rodaremos","status":"publish","type":"page","link":"https:\/\/ficyfestival.com\/en\/con-tu-ayuda-rodaremos\/","title":{"rendered":"Con tu Ayuda Rodaremos"},"content":{"rendered":"<div data-elementor-type=\"wp-page\" data-elementor-id=\"1417\" class=\"elementor elementor-1417\">\n\t\t\t\t\t\t\t\t\t<section class=\"has_eae_slider elementor-section elementor-top-section elementor-element elementor-element-6600894f elementor-section-height-min-height elementor-section-boxed elementor-section-height-default elementor-section-items-middle\" data-id=\"6600894f\" data-element_type=\"section\" data-settings=\"{&quot;background_background&quot;:&quot;classic&quot;}\">\n\t\t\t\t\t\t\t<div class=\"elementor-background-overlay\"><\/div>\n\t\t\t\t\t\t\t<div class=\"elementor-container elementor-column-gap-default\">\n\t\t\t\t\t<div class=\"has_eae_slider elementor-column elementor-col-100 elementor-top-column elementor-element elementor-element-1546f952\" data-id=\"1546f952\" data-element_type=\"column\">\n\t\t\t<div class=\"elementor-widget-wrap elementor-element-populated\">\n\t\t\t\t\t\t\t\t\t<\/div>\n\t\t<\/div>\n\t\t\t\t\t\t\t<\/div>\n\t\t<\/section>\n\t\t\t\t<section class=\"has_eae_slider elementor-section elementor-top-section elementor-element elementor-element-0d13a6f elementor-section-boxed elementor-section-height-default elementor-section-height-default\" data-id=\"0d13a6f\" data-element_type=\"section\" data-settings=\"{&quot;background_background&quot;:&quot;classic&quot;}\">\n\t\t\t\t\t\t<div class=\"elementor-container elementor-column-gap-default\">\n\t\t\t\t\t<div class=\"has_eae_slider elementor-column elementor-col-50 elementor-top-column elementor-element elementor-element-7c50166 elementor-invisible\" data-id=\"7c50166\" data-element_type=\"column\" data-settings=\"{&quot;animation&quot;:&quot;fadeInUp&quot;,&quot;animation_delay&quot;:300}\">\n\t\t\t<div class=\"elementor-widget-wrap elementor-element-populated\">\n\t\t\t\t\t\t\t\t<div class=\"elementor-element elementor-element-b955592 elementor-widget elementor-widget-heading\" data-id=\"b955592\" data-element_type=\"widget\" data-widget_type=\"heading.default\">\n\t\t\t\t<div class=\"elementor-widget-container\">\n\t\t\t<style>\/*! elementor - v3.6.4 - 13-04-2022 *\/\n.elementor-heading-title{padding:0;margin:0;line-height:1}.elementor-widget-heading .elementor-heading-title[class*=elementor-size-]>a{color:inherit;font-size:inherit;line-height:inherit}.elementor-widget-heading .elementor-heading-title.elementor-size-small{font-size:15px}.elementor-widget-heading .elementor-heading-title.elementor-size-medium{font-size:19px}.elementor-widget-heading .elementor-heading-title.elementor-size-large{font-size:29px}.elementor-widget-heading .elementor-heading-title.elementor-size-xl{font-size:39px}.elementor-widget-heading .elementor-heading-title.elementor-size-xxl{font-size:59px}<\/style><h2 class=\"elementor-heading-title elementor-size-default\">\"With your help we will roll\"<\/h2>\t\t<\/div>\n\t\t\t\t<\/div>\n\t\t\t\t<div class=\"elementor-element elementor-element-ef241fe elementor-widget elementor-widget-image\" data-id=\"ef241fe\" data-element_type=\"widget\" data-widget_type=\"image.default\">\n\t\t\t\t<div class=\"elementor-widget-container\">\n\t\t\t<style>\/*! elementor - v3.6.4 - 13-04-2022 *\/\n.elementor-widget-image{text-align:center}.elementor-widget-image a{display:inline-block}.elementor-widget-image a img[src$=\".svg\"]{width:48px}.elementor-widget-image img{vertical-align:middle;display:inline-block}<\/style>\t\t\t\t\t\t\t\t\t\t\t\t<img decoding=\"async\" src=\"https:\/\/ficyfestival.com\/wp-content\/uploads\/2023\/03\/WhatsApp-Image-2023-03-10-at-1.31.50-PM-1.jpeg\" title=\"WhatsApp Image 2023-03-10 at 1.31.50 PM (1)\" alt=\"WhatsApp Image 2023-03-10 at 1.31.50 PM (1)\" \/>\t\t\t\t\t\t\t\t\t\t\t\t\t\t\t<\/div>\n\t\t\t\t<\/div>\n\t\t\t\t\t<\/div>\n\t\t<\/div>\n\t\t\t\t<div class=\"has_eae_slider elementor-column elementor-col-50 elementor-top-column elementor-element elementor-element-12c3f93\" data-id=\"12c3f93\" data-element_type=\"column\">\n\t\t\t<div class=\"elementor-widget-wrap elementor-element-populated\">\n\t\t\t\t\t\t\t\t<div class=\"elementor-element elementor-element-5117cb5 elementor-widget elementor-widget-text-editor\" data-id=\"5117cb5\" data-element_type=\"widget\" data-widget_type=\"text-editor.default\">\n\t\t\t\t<div class=\"elementor-widget-container\">\n\t\t\t<style>\/*! elementor - v3.6.4 - 13-04-2022 *\/\n.elementor-widget-text-editor.elementor-drop-cap-view-stacked .elementor-drop-cap{background-color:#818a91;color:#fff}.elementor-widget-text-editor.elementor-drop-cap-view-framed .elementor-drop-cap{color:#818a91;border:3px solid;background-color:transparent}.elementor-widget-text-editor:not(.elementor-drop-cap-view-default) .elementor-drop-cap{margin-top:8px}.elementor-widget-text-editor:not(.elementor-drop-cap-view-default) .elementor-drop-cap-letter{width:1em;height:1em}.elementor-widget-text-editor .elementor-drop-cap{float:left;text-align:center;line-height:1;font-size:50px}.elementor-widget-text-editor .elementor-drop-cap-letter{display:inline-block}<\/style>\t\t\t\t<p>\u00abCon tu Ayuda Rodaremos\u00bb es una iniciativa que busca capacitar en talleres audiovisuales a la comunidad con discapacidad, con el objetivo de que puedan desarrollar sus propios proyectos f\u00edlmicos. Esta iniciativa tiene como finalidad fomentar la inclusi\u00f3n y la igualdad de oportunidades en el mundo audiovisual, as\u00ed como la promoci\u00f3n de la cultura y las artes en la comunidad.<\/p><p>La iniciativa \u00abCon tu Ayuda Rodaremos\u00bb se desarrolla gracias a la colaboraci\u00f3n de entidades p\u00fablicas y privadas, que apoyan y facilitan los talleres y recursos necesarios para la producci\u00f3n de los proyectos f\u00edlmicos. La iniciativa busca la integraci\u00f3n de la comunidad con discapacidad en la sociedad, brindando oportunidades para desarrollar habilidades y talentos en el \u00e1mbito audiovisual.<\/p><p>The audiovisual workshops include training in film production, scriptwriting, direction, editing and post-production, among other fundamental aspects for the creation of film projects. At the end of the workshops, an exhibition of the projects is held within the framework of the Yopal International Film Festival, which allows the community with disabilities to show their talent and work to the general public.<\/p><p>En conclusi\u00f3n, \u00abCon tu Ayuda Rodaremos\u00bb es una iniciativa que busca fomentar la inclusi\u00f3n y la igualdad de oportunidades en el mundo audiovisual, brindando capacitaci\u00f3n y recursos para que la comunidad con discapacidad pueda desarrollar sus propios proyectos f\u00edlmicos y promover la cultura y las artes en la sociedad.<\/p>\t\t\t\t\t\t<\/div>\n\t\t\t\t<\/div>\n\t\t\t\t\t<\/div>\n\t\t<\/div>\n\t\t\t\t\t\t\t<\/div>\n\t\t<\/section>\n\t\t\t\t<section class=\"has_eae_slider elementor-section elementor-top-section elementor-element elementor-element-6703f56 elementor-section-boxed elementor-section-height-default elementor-section-height-default\" data-id=\"6703f56\" data-element_type=\"section\">\n\t\t\t\t\t\t<div class=\"elementor-container elementor-column-gap-default\">\n\t\t\t\t\t<div class=\"has_eae_slider elementor-column elementor-col-100 elementor-top-column elementor-element elementor-element-ba4e311\" data-id=\"ba4e311\" data-element_type=\"column\">\n\t\t\t<div class=\"elementor-widget-wrap\">\n\t\t\t\t\t\t\t\t\t<\/div>\n\t\t<\/div>\n\t\t\t\t\t\t\t<\/div>\n\t\t<\/section>\n\t\t\t\t<section class=\"has_eae_slider elementor-section elementor-top-section elementor-element elementor-element-2eb739d elementor-section-content-middle elementor-section-height-min-height elementor-section-boxed elementor-section-height-default elementor-section-items-middle\" data-id=\"2eb739d\" data-element_type=\"section\" data-settings=\"{&quot;background_background&quot;:&quot;classic&quot;}\">\n\t\t\t\t\t\t\t<div class=\"elementor-background-overlay\"><\/div>\n\t\t\t\t\t\t\t<div class=\"elementor-container elementor-column-gap-default\">\n\t\t\t\t\t<div class=\"has_eae_slider elementor-column elementor-col-66 elementor-top-column elementor-element elementor-element-22e2c97\" data-id=\"22e2c97\" data-element_type=\"column\">\n\t\t\t<div class=\"elementor-widget-wrap elementor-element-populated\">\n\t\t\t\t\t\t\t\t<div class=\"elementor-element elementor-element-616e8cd elementor-invisible elementor-widget elementor-widget-text-editor\" data-id=\"616e8cd\" data-element_type=\"widget\" data-settings=\"{&quot;_animation&quot;:&quot;fadeInDown&quot;}\" data-widget_type=\"text-editor.default\">\n\t\t\t\t<div class=\"elementor-widget-container\">\n\t\t\t\t\t\t\t<p>Demonstrate your talent and unique vision through cinema.<\/p>\t\t\t\t\t\t<\/div>\n\t\t\t\t<\/div>\n\t\t\t\t<div class=\"elementor-element elementor-element-eca4995 animated-slow elementor-invisible elementor-widget elementor-widget-heading\" data-id=\"eca4995\" data-element_type=\"widget\" data-settings=\"{&quot;_animation&quot;:&quot;fadeIn&quot;,&quot;_animation_delay&quot;:600}\" data-widget_type=\"heading.default\">\n\t\t\t\t<div class=\"elementor-widget-container\">\n\t\t\t<h2 class=\"elementor-heading-title elementor-size-default\">FICY 2024 CALL RULES<\/h2>\t\t<\/div>\n\t\t\t\t<\/div>\n\t\t\t\t\t<\/div>\n\t\t<\/div>\n\t\t\t\t<div class=\"has_eae_slider elementor-column elementor-col-33 elementor-top-column elementor-element elementor-element-4de0d18\" data-id=\"4de0d18\" data-element_type=\"column\">\n\t\t\t<div class=\"elementor-widget-wrap elementor-element-populated\">\n\t\t\t\t\t\t\t\t<div class=\"elementor-element elementor-element-4f6ecc9 elementor-align-right elementor-tablet-align-center elementor-mobile-align-center elementor-widget elementor-widget-button\" data-id=\"4f6ecc9\" data-element_type=\"widget\" data-widget_type=\"button.default\">\n\t\t\t\t<div class=\"elementor-widget-container\">\n\t\t\t\t\t<div class=\"elementor-button-wrapper\">\n\t\t\t<a href=\"https:\/\/ficyfestival.com\/en\/base-de-convocatoria-con-tu-ayuda-rodaremos\/\" class=\"elementor-button-link elementor-button elementor-size-lg elementor-animation-shrink\" role=\"button\">\n\t\t\t\t\t\t<span class=\"elementor-button-content-wrapper\">\n\t\t\t\t\t\t\t<span class=\"elementor-button-icon elementor-align-icon-right\">\n\t\t\t\t<i aria-hidden=\"true\" class=\"far fa-clipboard\"><\/i>\t\t\t<\/span>\n\t\t\t\t\t\t<span class=\"elementor-button-text\">CALL RULES<\/span>\n\t\t<\/span>\n\t\t\t\t\t<\/a>\n\t\t<\/div>\n\t\t\t\t<\/div>\n\t\t\t\t<\/div>\n\t\t\t\t\t<\/div>\n\t\t<\/div>\n\t\t\t\t\t\t\t<\/div>\n\t\t<\/section>\n\t\t\t\t<section class=\"has_eae_slider elementor-section elementor-top-section elementor-element elementor-element-9cbc79d elementor-section-boxed elementor-section-height-default elementor-section-height-default\" data-id=\"9cbc79d\" data-element_type=\"section\">\n\t\t\t\t\t\t<div class=\"elementor-container elementor-column-gap-default\">\n\t\t\t\t\t<div class=\"has_eae_slider elementor-column elementor-col-100 elementor-top-column elementor-element elementor-element-16df4d3\" data-id=\"16df4d3\" data-element_type=\"column\">\n\t\t\t<div class=\"elementor-widget-wrap\">\n\t\t\t\t\t\t\t\t\t<\/div>\n\t\t<\/div>\n\t\t\t\t\t\t\t<\/div>\n\t\t<\/section>\n\t\t\t\t\t\t\t<\/div>","protected":false},"excerpt":{"rendered":"<p>\u00abCon tu Ayuda Rodaremos\u00bb \u00abCon tu Ayuda Rodaremos\u00bb es una iniciativa que busca capacitar en talleres audiovisuales a la comunidad con discapacidad, con el objetivo de que puedan desarrollar sus propios proyectos f\u00edlmicos. Esta iniciativa tiene como finalidad fomentar la inclusi\u00f3n y la igualdad de oportunidades en el mundo audiovisual, as\u00ed como la promoci\u00f3n de &hellip;<\/p>\n<p class=\"read-more\"> <a class=\"\" href=\"https:\/\/ficyfestival.com\/en\/con-tu-ayuda-rodaremos\/\"> <span class=\"screen-reader-text\">Con tu Ayuda Rodaremos<\/span> Read More \u00bb<\/a><\/p>","protected":false},"author":1,"featured_media":0,"parent":0,"menu_order":0,"comment_status":"closed","ping_status":"closed","template":"","meta":{"site-sidebar-layout":"no-sidebar","site-content-layout":"page-builder","ast-main-header-display":"","ast-hfb-above-header-display":"","ast-hfb-below-header-display":"","ast-hfb-mobile-header-display":"","site-post-title":"disabled","ast-breadcrumbs-content":"","ast-featured-img":"disabled","footer-sml-layout":"","theme-transparent-header-meta":"","adv-header-id-meta":"","stick-header-meta":"","header-above-stick-meta":"","header-main-stick-meta":"","header-below-stick-meta":"","footnotes":""},"class_list":["post-1417","page","type-page","status-publish","hentry"],"_links":{"self":[{"href":"https:\/\/ficyfestival.com\/en\/wp-json\/wp\/v2\/pages\/1417","targetHints":{"allow":["GET"]}}],"collection":[{"href":"https:\/\/ficyfestival.com\/en\/wp-json\/wp\/v2\/pages"}],"about":[{"href":"https:\/\/ficyfestival.com\/en\/wp-json\/wp\/v2\/types\/page"}],"author":[{"embeddable":true,"href":"https:\/\/ficyfestival.com\/en\/wp-json\/wp\/v2\/users\/1"}],"replies":[{"embeddable":true,"href":"https:\/\/ficyfestival.com\/en\/wp-json\/wp\/v2\/comments?post=1417"}],"version-history":[{"count":76,"href":"https:\/\/ficyfestival.com\/en\/wp-json\/wp\/v2\/pages\/1417\/revisions"}],"predecessor-version":[{"id":2912,"href":"https:\/\/ficyfestival.com\/en\/wp-json\/wp\/v2\/pages\/1417\/revisions\/2912"}],"wp:attachment":[{"href":"https:\/\/ficyfestival.com\/en\/wp-json\/wp\/v2\/media?parent=1417"}],"curies":[{"name":"wp","href":"https:\/\/api.w.org\/{rel}","templated":true}]}}